{"id":164,"date":"2022-08-24T17:14:29","date_gmt":"2022-08-24T15:14:29","guid":{"rendered":"https:\/\/clairetdegaillon.fr\/?page_id=164"},"modified":"2022-08-24T17:34:17","modified_gmt":"2022-08-24T15:34:17","slug":"nos-produits","status":"publish","type":"page","link":"https:\/\/clairetdegaillon.fr\/index.php\/nos-produits\/","title":{"rendered":"Nos produits"},"content":{"rendered":"\n<div class=\"wp-block-columns is-layout-flex wp-container-core-columns-is-layout-9d6595d7 wp-block-columns-is-layout-flex\">\n<div class=\"wp-block-column is-layout-flow wp-block-column-is-layout-flow\">\n<figure class=\"wp-block-gallery has-nested-images columns-default is-cropped wp-block-gallery-1 is-layout-flex wp-block-gallery-is-layout-flex\">\n<figure class=\"wp-block-image size-thumbnail\"><img loading=\"lazy\" decoding=\"async\" width=\"81\" height=\"150\" data-id=\"177\" src=\"https:\/\/clairetdegaillon.fr\/wp-content\/uploads\/2022\/08\/clairet2-1-81x150.webp\" alt=\"\" class=\"wp-image-177\"\/><figcaption>Clairet<\/figcaption><\/figure>\n\n\n\n<figure class=\"wp-block-image size-full is-style-default\"><img loading=\"lazy\" decoding=\"async\" width=\"131\" height=\"195\" data-id=\"176\" src=\"https:\/\/clairetdegaillon.fr\/wp-content\/uploads\/2022\/08\/baco2-1.webp\" alt=\"\" class=\"wp-image-176\"\/><figcaption>Baco<\/figcaption><\/figure>\n\n\n\n<figure class=\"wp-block-image size-thumbnail\"><img loading=\"lazy\" decoding=\"async\" width=\"85\" height=\"150\" data-id=\"178\" src=\"https:\/\/clairetdegaillon.fr\/wp-content\/uploads\/2022\/08\/florentin2-85x150.webp\" alt=\"\" class=\"wp-image-178\"\/><figcaption>Florentin<\/figcaption><\/figure>\n<\/figure>\n<\/div>\n<\/div>\n\n\n\n<p style=\"font-size:16px\"><strong>Le Clairet<\/strong><\/p>\n\n\n\n<p class=\"has-small-font-size\">Le \u00ab&nbsp;Clairet de Gaillon&nbsp;\u00bb est obtenu par un subtil assemblage d\u2019environ&nbsp; 90% de Florentin dor\u00e9 avec 10% de Baco noir.<\/p>\n\n\n\n<p class=\"has-small-font-size\">Sa robe est caract\u00e9ristique, resplendissante d\u2019un rubis chatoyant aux nuances carmin\u00e9es parfois violines.<\/p>\n\n\n\n<p class=\"has-small-font-size\">Le nez est fruit\u00e9, complexe, rappelle l\u2019iris, la violette la rose fan\u00e9e.<\/p>\n\n\n\n<p class=\"has-small-font-size\">L\u2019attaque en bouche est fra\u00eeche, pleine de franchise\u00a0 avec une traine langoureuse inoubliable.\u00a0<\/p>\n\n\n\n<p><\/p>\n\n\n\n<p style=\"font-size:16px\"><strong>Le Baco<\/strong><\/p>\n\n\n\n<p class=\"has-small-font-size\">Le disque &nbsp;renvoi du rubis flamboyant, &nbsp;la robe &nbsp;est pourpre sombre.<\/p>\n\n\n\n<p class=\"has-small-font-size\">Le nez \u00a0est \u00a0v\u00e9g\u00e9tal \u00a0presque \u00a0herbac\u00e9, \u00a0puis \u00a0fruit\u00e9, \u00e9voquant \u00a0la \u00a0cerise noire \u00a0bien m\u00fbre, \u00a0la \u00a0quetsche. En vieillissant \u00a0 apparaissent \u00a0des \u00a0notes \u00a0de \u00a0cacao \u00a0et d&rsquo;\u00e9pices. La bouche \u00a0est \u00a0franche, \u00a0 un \u00a0peu \u00a0 agressive \u00a0 puis fraiche et tannique.<\/p>\n\n\n\n<p class=\"has-small-font-size\">Ce vin \u00e0 une tr\u00e8s forte personnalit\u00e9 \u00a0qui ne \u00a0permet la comparaison avec aucun autre produit.<\/p>\n\n\n\n<p><\/p>\n\n\n\n<p style=\"font-size:16px\"><strong>Le Florentin<\/strong><\/p>\n\n\n\n<p class=\"has-small-font-size\">La robe est limpide, le disque cristallin. La teinte franche tr\u00e8s l\u00e9g\u00e8rement dor\u00e9e. Le nez attaque par des notes finement florales qui virent au fruit\u00e9 avec des ar\u00f4mes de litchi puis d\u2019acacia et de ch\u00e8vrefeuille. En bouche les notes de bois de c\u00e8dre, de malt, d&rsquo;abricot, de fruits de la passion<\/p>\n\n\n\n<p class=\"has-small-font-size\">Ce vin respire le naturel, la fraicheur il \u00e9voque le printemps.<\/p>\n\n\n\n<p><\/p>\n\n\n\n<p><\/p>\n\n\n\n<p><\/p>\n\n\n\n<p><\/p>\n","protected":false},"excerpt":{"rendered":"<p>Le Clairet Le \u00ab&nbsp;Clairet de Gaillon&nbsp;\u00bb est obtenu par un subtil assemblage d\u2019environ&nbsp; 90% de Florentin dor\u00e9 avec 10% de Baco noir. Sa robe est caract\u00e9ristique, resplendissante d\u2019un rubis chatoyant aux nuances carmin\u00e9es parfois violines. Le nez est fruit\u00e9, complexe, rappelle l\u2019iris, la violette la rose fan\u00e9e. L\u2019attaque en bouche est fra\u00eeche, pleine de franchise\u00a0 &hellip; <\/p>\n<p class=\"link-more\"><a href=\"https:\/\/clairetdegaillon.fr\/index.php\/nos-produits\/\" class=\"more-link\">Continuer la lecture<span class=\"screen-reader-text\"> de &laquo;&nbsp;Nos produits&nbsp;&raquo;<\/span><\/a><\/p>\n","protected":false},"author":1,"featured_media":0,"parent":0,"menu_order":0,"comment_status":"closed","ping_status":"closed","template":"","meta":{"footnotes":""},"class_list":["post-164","page","type-page","status-publish","hentry"],"_links":{"self":[{"href":"https:\/\/clairetdegaillon.fr\/index.php\/wp-json\/wp\/v2\/pages\/164","targetHints":{"allow":["GET"]}}],"collection":[{"href":"https:\/\/clairetdegaillon.fr\/index.php\/wp-json\/wp\/v2\/pages"}],"about":[{"href":"https:\/\/clairetdegaillon.fr\/index.php\/wp-json\/wp\/v2\/types\/page"}],"author":[{"embeddable":true,"href":"https:\/\/clairetdegaillon.fr\/index.php\/wp-json\/wp\/v2\/users\/1"}],"replies":[{"embeddable":true,"href":"https:\/\/clairetdegaillon.fr\/index.php\/wp-json\/wp\/v2\/comments?post=164"}],"version-history":[{"count":3,"href":"https:\/\/clairetdegaillon.fr\/index.php\/wp-json\/wp\/v2\/pages\/164\/revisions"}],"predecessor-version":[{"id":179,"href":"https:\/\/clairetdegaillon.fr\/index.php\/wp-json\/wp\/v2\/pages\/164\/revisions\/179"}],"wp:attachment":[{"href":"https:\/\/clairetdegaillon.fr\/index.php\/wp-json\/wp\/v2\/media?parent=164"}],"curies":[{"name":"wp","href":"https:\/\/api.w.org\/{rel}","templated":true}]}}