{"id":155,"date":"2022-08-23T18:29:45","date_gmt":"2022-08-23T16:29:45","guid":{"rendered":"https:\/\/clairetdegaillon.fr\/?page_id=155"},"modified":"2022-08-23T18:32:42","modified_gmt":"2022-08-23T16:32:42","slug":"elaboration-du-clairet-de-gaillon","status":"publish","type":"page","link":"https:\/\/clairetdegaillon.fr\/index.php\/elaboration-du-clairet-de-gaillon\/","title":{"rendered":"Elaboration du Clairet de Gaillon"},"content":{"rendered":"\n<p style=\"font-size:15px\">Pas moins de <strong>15 phases \u00e9l\u00e9mentaires<\/strong> composent le sch\u00e9ma d\u2019\u00e9laboration de ce produit rare<\/p>\n\n\n\n<ul class=\"wp-block-list\" style=\"font-size:15px\"><li>Lev\u00e9e du ban des vendanges (acte officiel de la Confr\u00e9rie)<\/li><li>r\u00e9colte des raisins<\/li><li>Tri\u00a0 manuel de la vendange sur table<\/li><li>Lavage de la vendange<\/li><li>foulage \u00e9grappage<\/li><li>Mac\u00e9ration pelliculaire \u00e0 froid<\/li><li>Levurage<\/li><li>Fermentation alcoolique\/Mac\u00e9ration extraction<\/li><li>d\u00e9cuvage\u00a0\/d\u00e9bourbage grossier<\/li><li>Transfert en bombonnes de verre\u00a0 (la recherche d\u2019une grande puret\u00e9 exclu l\u2018usage du bois)<\/li><li>Clarification \u00e0 froid (2 \u00e0 3 mois)<\/li><li>L\u00e9ger sulfitage<\/li><li>Cr\u00e9ation de la cuv\u00e9e mill\u00e9sim\u00e9e par assemblage<\/li><li>mise en bouteille<\/li><\/ul>\n\n\n\n<figure class=\"wp-block-gallery has-nested-images columns-default is-cropped wp-block-gallery-1 is-layout-flex wp-block-gallery-is-layout-flex\">\n<figure class=\"wp-block-image size-large\"><img loading=\"lazy\" decoding=\"async\" width=\"778\" height=\"436\" data-id=\"159\" src=\"https:\/\/clairetdegaillon.fr\/wp-content\/uploads\/2022\/08\/egrappage.webp\" alt=\"\" class=\"wp-image-159\" srcset=\"https:\/\/clairetdegaillon.fr\/wp-content\/uploads\/2022\/08\/egrappage.webp 778w, https:\/\/clairetdegaillon.fr\/wp-content\/uploads\/2022\/08\/egrappage-300x168.webp 300w, https:\/\/clairetdegaillon.fr\/wp-content\/uploads\/2022\/08\/egrappage-768x430.webp 768w\" sizes=\"auto, (max-width: 767px) 89vw, (max-width: 1000px) 54vw, (max-width: 1071px) 543px, 580px\" \/><figcaption>Egrappage<\/figcaption><\/figure>\n\n\n\n<figure class=\"wp-block-image size-large\"><img loading=\"lazy\" decoding=\"async\" width=\"817\" height=\"613\" data-id=\"160\" src=\"https:\/\/clairetdegaillon.fr\/wp-content\/uploads\/2022\/08\/2e6a7a_58f2b1b792034304a632eacc93772139.webp\" alt=\"\" class=\"wp-image-160\" srcset=\"https:\/\/clairetdegaillon.fr\/wp-content\/uploads\/2022\/08\/2e6a7a_58f2b1b792034304a632eacc93772139.webp 817w, https:\/\/clairetdegaillon.fr\/wp-content\/uploads\/2022\/08\/2e6a7a_58f2b1b792034304a632eacc93772139-300x225.webp 300w, https:\/\/clairetdegaillon.fr\/wp-content\/uploads\/2022\/08\/2e6a7a_58f2b1b792034304a632eacc93772139-768x576.webp 768w\" sizes=\"auto, (max-width: 767px) 89vw, (max-width: 1000px) 54vw, (max-width: 1071px) 543px, 580px\" \/><\/figure>\n\n\n\n<figure class=\"wp-block-image size-large\"><img loading=\"lazy\" decoding=\"async\" width=\"664\" height=\"497\" data-id=\"161\" src=\"http:\/\/clairetdegaillon.fr\/wp-content\/uploads\/2022\/08\/2e6a7a_6c19036336684b0d8c524b168c261bce.webp\" alt=\"\" class=\"wp-image-161\" srcset=\"https:\/\/clairetdegaillon.fr\/wp-content\/uploads\/2022\/08\/2e6a7a_6c19036336684b0d8c524b168c261bce.webp 664w, https:\/\/clairetdegaillon.fr\/wp-content\/uploads\/2022\/08\/2e6a7a_6c19036336684b0d8c524b168c261bce-300x225.webp 300w\" sizes=\"auto, (max-width: 664px) 100vw, 664px\" \/><\/figure>\n<\/figure>\n","protected":false},"excerpt":{"rendered":"<p>Pas moins de 15 phases \u00e9l\u00e9mentaires composent le sch\u00e9ma d\u2019\u00e9laboration de ce produit rare Lev\u00e9e du ban des vendanges (acte officiel de la Confr\u00e9rie) r\u00e9colte des raisins Tri\u00a0 manuel de la vendange sur table Lavage de la vendange foulage \u00e9grappage Mac\u00e9ration pelliculaire \u00e0 froid Levurage Fermentation alcoolique\/Mac\u00e9ration extraction d\u00e9cuvage\u00a0\/d\u00e9bourbage grossier Transfert en bombonnes de verre\u00a0 &hellip; <\/p>\n<p class=\"link-more\"><a href=\"https:\/\/clairetdegaillon.fr\/index.php\/elaboration-du-clairet-de-gaillon\/\" class=\"more-link\">Continuer la lecture<span class=\"screen-reader-text\"> de &laquo;&nbsp;Elaboration du Clairet de Gaillon&nbsp;&raquo;<\/span><\/a><\/p>\n","protected":false},"author":1,"featured_media":0,"parent":0,"menu_order":0,"comment_status":"closed","ping_status":"closed","template":"","meta":{"footnotes":""},"class_list":["post-155","page","type-page","status-publish","hentry"],"_links":{"self":[{"href":"https:\/\/clairetdegaillon.fr\/index.php\/wp-json\/wp\/v2\/pages\/155","targetHints":{"allow":["GET"]}}],"collection":[{"href":"https:\/\/clairetdegaillon.fr\/index.php\/wp-json\/wp\/v2\/pages"}],"about":[{"href":"https:\/\/clairetdegaillon.fr\/index.php\/wp-json\/wp\/v2\/types\/page"}],"author":[{"embeddable":true,"href":"https:\/\/clairetdegaillon.fr\/index.php\/wp-json\/wp\/v2\/users\/1"}],"replies":[{"embeddable":true,"href":"https:\/\/clairetdegaillon.fr\/index.php\/wp-json\/wp\/v2\/comments?post=155"}],"version-history":[{"count":3,"href":"https:\/\/clairetdegaillon.fr\/index.php\/wp-json\/wp\/v2\/pages\/155\/revisions"}],"predecessor-version":[{"id":163,"href":"https:\/\/clairetdegaillon.fr\/index.php\/wp-json\/wp\/v2\/pages\/155\/revisions\/163"}],"wp:attachment":[{"href":"https:\/\/clairetdegaillon.fr\/index.php\/wp-json\/wp\/v2\/media?parent=155"}],"curies":[{"name":"wp","href":"https:\/\/api.w.org\/{rel}","templated":true}]}}