{"id":102,"date":"2022-08-23T16:36:20","date_gmt":"2022-08-23T14:36:20","guid":{"rendered":"https:\/\/clairetdegaillon.fr\/?page_id=102"},"modified":"2022-08-23T17:48:09","modified_gmt":"2022-08-23T15:48:09","slug":"le-vignoble","status":"publish","type":"page","link":"https:\/\/clairetdegaillon.fr\/index.php\/le-vignoble\/","title":{"rendered":"Le Vignoble"},"content":{"rendered":"\n<p>Le Clairet de Gaillon est produit par des micro-vignobles de quelques dizaines de pieds de vigne chacun, \u00e0 partir de deux vari\u00e9t\u00e9s originales (on dit aussi c\u00e9pages en langage vigneron),&nbsp;le Florentin dor\u00e9 et le Baco Noir.&nbsp;<\/p>\n\n\n\n<p>&nbsp;Les vignes sont conduites avec le soin du jardinier sur un mode parfaitement \u00e9cologique et respectueux de l\u2019environnement.&nbsp;<\/p>\n\n\n\n<p>En effet, les deux c\u00e9pages choisis poss\u00e8dent des g\u00e8nes de r\u00e9sistance aux principales maladies cryptogamiques de la vigne, le Mildiou, l\u2019o\u00efdium et la pourriture grise et ne n\u00e9cessitent pratiquement aucun traitement phytosanitaire.&nbsp;Dans le prolongement de cette culture en parfaite harmonie avec le climat normand, le vin est \u00e9labor\u00e9 selon un rituel totalement naturel et essentiellement manuel.&nbsp;<br><br>A l\u2019issue de ces deux processus agronomique et oenologique, on obtient un pr\u00e9cieux vin Normand aussi rare que flatteur \u00e0 la vue, \u00e0 l\u2019odorat et \u00e0 l\u2019\u00e9pigastre.&nbsp;<br><br>La r\u00e9sistance aux maladies qui prolif\u00e8rent sous le climat temp\u00e9r\u00e9 et humide de notre belle r\u00e9gion, induit chez nos deux c\u00e9pages la production d\u2019un polyph\u00e9nol sp\u00e9cifique, le resv\u00e9ratrol dont on vient de mettre en \u00e9vidence l\u2019effet tr\u00e8s positif sur la sant\u00e9.&nbsp;<br><br>Autre effet positif de l\u2019implantation de la vigne sur les coteaux normands, c\u2019est la cr\u00e9ation de biodiversit\u00e9.&nbsp;<br><br>L\u2019introduction d\u2019une nouvelle plante en quantit\u00e9 significative modifie localement l\u2019\u00e9cosyst\u00e8me en l\u2019enrichissant. C\u2019est ainsi qu\u2019au moment des vendanges on a vu voleter autour des pampres le magnifique papillon \u00ab Paon du jour \u00bb qui pourrait \u00eatre l\u2019embl\u00e8me du Clairet de Gaillon.<\/p>\n\n\n\n<figure class=\"wp-block-gallery has-nested-images columns-default is-cropped wp-block-gallery-1 is-layout-flex wp-block-gallery-is-layout-flex\">\n<figure class=\"wp-block-image size-large is-style-default\"><img loading=\"lazy\" decoding=\"async\" width=\"894\" height=\"689\" data-id=\"124\" src=\"https:\/\/clairetdegaillon.fr\/wp-content\/uploads\/2022\/08\/LeVignoble_01.webp\" alt=\"\" class=\"wp-image-124\" srcset=\"https:\/\/clairetdegaillon.fr\/wp-content\/uploads\/2022\/08\/LeVignoble_01.webp 894w, https:\/\/clairetdegaillon.fr\/wp-content\/uploads\/2022\/08\/LeVignoble_01-300x231.webp 300w, https:\/\/clairetdegaillon.fr\/wp-content\/uploads\/2022\/08\/LeVignoble_01-768x592.webp 768w\" sizes=\"auto, (max-width: 767px) 89vw, (max-width: 1000px) 54vw, (max-width: 1071px) 543px, 580px\" \/><\/figure>\n\n\n\n<figure class=\"wp-block-image size-large is-style-default\"><img loading=\"lazy\" decoding=\"async\" width=\"891\" height=\"689\" data-id=\"125\" src=\"https:\/\/clairetdegaillon.fr\/wp-content\/uploads\/2022\/08\/LeVignoble_02.webp\" alt=\"\" class=\"wp-image-125\" srcset=\"https:\/\/clairetdegaillon.fr\/wp-content\/uploads\/2022\/08\/LeVignoble_02.webp 891w, https:\/\/clairetdegaillon.fr\/wp-content\/uploads\/2022\/08\/LeVignoble_02-300x232.webp 300w, https:\/\/clairetdegaillon.fr\/wp-content\/uploads\/2022\/08\/LeVignoble_02-768x594.webp 768w\" sizes=\"auto, (max-width: 767px) 89vw, (max-width: 1000px) 54vw, (max-width: 1071px) 543px, 580px\" \/><\/figure>\n\n\n\n<figure class=\"wp-block-image size-large is-style-default\"><img loading=\"lazy\" decoding=\"async\" width=\"816\" height=\"624\" data-id=\"126\" src=\"https:\/\/clairetdegaillon.fr\/wp-content\/uploads\/2022\/08\/LeVignoble_03.webp\" alt=\"\" class=\"wp-image-126\" srcset=\"https:\/\/clairetdegaillon.fr\/wp-content\/uploads\/2022\/08\/LeVignoble_03.webp 816w, https:\/\/clairetdegaillon.fr\/wp-content\/uploads\/2022\/08\/LeVignoble_03-300x229.webp 300w, https:\/\/clairetdegaillon.fr\/wp-content\/uploads\/2022\/08\/LeVignoble_03-768x587.webp 768w\" sizes=\"auto, (max-width: 767px) 89vw, (max-width: 1000px) 54vw, (max-width: 1071px) 543px, 580px\" \/><\/figure>\n\n\n\n<figure class=\"wp-block-image size-large is-style-default\"><img loading=\"lazy\" decoding=\"async\" width=\"918\" height=\"689\" data-id=\"127\" src=\"https:\/\/clairetdegaillon.fr\/wp-content\/uploads\/2022\/08\/LeVignoble_04.webp\" alt=\"\" class=\"wp-image-127\" srcset=\"https:\/\/clairetdegaillon.fr\/wp-content\/uploads\/2022\/08\/LeVignoble_04.webp 918w, https:\/\/clairetdegaillon.fr\/wp-content\/uploads\/2022\/08\/LeVignoble_04-300x225.webp 300w, https:\/\/clairetdegaillon.fr\/wp-content\/uploads\/2022\/08\/LeVignoble_04-768x576.webp 768w\" sizes=\"auto, (max-width: 767px) 89vw, (max-width: 1000px) 54vw, (max-width: 1071px) 543px, 580px\" \/><\/figure>\n\n\n\n<figure class=\"wp-block-image size-large is-style-default\"><img loading=\"lazy\" decoding=\"async\" width=\"917\" height=\"689\" data-id=\"128\" src=\"https:\/\/clairetdegaillon.fr\/wp-content\/uploads\/2022\/08\/LeVignoble_05.webp\" alt=\"\" class=\"wp-image-128\" srcset=\"https:\/\/clairetdegaillon.fr\/wp-content\/uploads\/2022\/08\/LeVignoble_05.webp 917w, https:\/\/clairetdegaillon.fr\/wp-content\/uploads\/2022\/08\/LeVignoble_05-300x225.webp 300w, https:\/\/clairetdegaillon.fr\/wp-content\/uploads\/2022\/08\/LeVignoble_05-768x577.webp 768w\" sizes=\"auto, (max-width: 767px) 89vw, (max-width: 1000px) 54vw, (max-width: 1071px) 543px, 580px\" \/><\/figure>\n\n\n\n<figure class=\"wp-block-image size-large is-style-default\"><img loading=\"lazy\" decoding=\"async\" width=\"922\" height=\"689\" data-id=\"129\" src=\"http:\/\/clairetdegaillon.fr\/wp-content\/uploads\/2022\/08\/LeVignoble_06.webp\" alt=\"\" class=\"wp-image-129\" srcset=\"https:\/\/clairetdegaillon.fr\/wp-content\/uploads\/2022\/08\/LeVignoble_06.webp 922w, https:\/\/clairetdegaillon.fr\/wp-content\/uploads\/2022\/08\/LeVignoble_06-300x224.webp 300w, https:\/\/clairetdegaillon.fr\/wp-content\/uploads\/2022\/08\/LeVignoble_06-768x574.webp 768w\" sizes=\"auto, (max-width: 767px) 89vw, (max-width: 1000px) 54vw, (max-width: 1071px) 543px, 580px\" \/><\/figure>\n\n\n\n<figure class=\"wp-block-image size-large is-style-rounded\"><img loading=\"lazy\" decoding=\"async\" width=\"921\" height=\"689\" data-id=\"130\" src=\"http:\/\/clairetdegaillon.fr\/wp-content\/uploads\/2022\/08\/LeVignoble_07.webp\" alt=\"\" class=\"wp-image-130\" srcset=\"https:\/\/clairetdegaillon.fr\/wp-content\/uploads\/2022\/08\/LeVignoble_07.webp 921w, https:\/\/clairetdegaillon.fr\/wp-content\/uploads\/2022\/08\/LeVignoble_07-300x224.webp 300w, https:\/\/clairetdegaillon.fr\/wp-content\/uploads\/2022\/08\/LeVignoble_07-768x575.webp 768w\" sizes=\"auto, (max-width: 767px) 89vw, (max-width: 1000px) 54vw, (max-width: 1071px) 543px, 580px\" \/><\/figure>\n<\/figure>\n","protected":false},"excerpt":{"rendered":"<p>Le Clairet de Gaillon est produit par des micro-vignobles de quelques dizaines de pieds de vigne chacun, \u00e0 partir de deux vari\u00e9t\u00e9s originales (on dit aussi c\u00e9pages en langage vigneron),&nbsp;le Florentin dor\u00e9 et le Baco Noir.&nbsp; &nbsp;Les vignes sont conduites avec le soin du jardinier sur un mode parfaitement \u00e9cologique et respectueux de l\u2019environnement.&nbsp; En &hellip; <\/p>\n<p class=\"link-more\"><a href=\"https:\/\/clairetdegaillon.fr\/index.php\/le-vignoble\/\" class=\"more-link\">Continuer la lecture<span class=\"screen-reader-text\"> de &laquo;&nbsp;Le Vignoble&nbsp;&raquo;<\/span><\/a><\/p>\n","protected":false},"author":1,"featured_media":0,"parent":0,"menu_order":0,"comment_status":"closed","ping_status":"closed","template":"","meta":{"footnotes":""},"class_list":["post-102","page","type-page","status-publish","hentry"],"_links":{"self":[{"href":"https:\/\/clairetdegaillon.fr\/index.php\/wp-json\/wp\/v2\/pages\/102","targetHints":{"allow":["GET"]}}],"collection":[{"href":"https:\/\/clairetdegaillon.fr\/index.php\/wp-json\/wp\/v2\/pages"}],"about":[{"href":"https:\/\/clairetdegaillon.fr\/index.php\/wp-json\/wp\/v2\/types\/page"}],"author":[{"embeddable":true,"href":"https:\/\/clairetdegaillon.fr\/index.php\/wp-json\/wp\/v2\/users\/1"}],"replies":[{"embeddable":true,"href":"https:\/\/clairetdegaillon.fr\/index.php\/wp-json\/wp\/v2\/comments?post=102"}],"version-history":[{"count":4,"href":"https:\/\/clairetdegaillon.fr\/index.php\/wp-json\/wp\/v2\/pages\/102\/revisions"}],"predecessor-version":[{"id":131,"href":"https:\/\/clairetdegaillon.fr\/index.php\/wp-json\/wp\/v2\/pages\/102\/revisions\/131"}],"wp:attachment":[{"href":"https:\/\/clairetdegaillon.fr\/index.php\/wp-json\/wp\/v2\/media?parent=102"}],"curies":[{"name":"wp","href":"https:\/\/api.w.org\/{rel}","templated":true}]}}